{"id":57150,"date":"2024-01-26T07:10:50","date_gmt":"2024-01-26T06:10:50","guid":{"rendered":"https:\/\/bea.webseite-programmierung.de\/?page_id=57150"},"modified":"2024-01-26T12:40:11","modified_gmt":"2024-01-26T11:40:11","slug":"autotec-for-automation","status":"publish","type":"page","link":"https:\/\/bea.webseite-programmierung.de\/en\/autotec-for-automation\/","title":{"rendered":"autotec for automation"},"content":{"rendered":"<p>[et_pb_section fb_built=&#8221;1&#8243; module_class=&#8221;mainsec_autotec&#8221; _builder_version=&#8221;4.23.1&#8243; _module_preset=&#8221;default&#8221; background_enable_image=&#8221;off&#8221; global_colors_info=&#8221;{}&#8221;][et_pb_row column_structure=&#8221;2_5,3_5&#8243; module_class=&#8221;border-left-autotec_main_sec&#8221; _builder_version=&#8221;4.23.1&#8243; _module_preset=&#8221;default&#8221; global_colors_info=&#8221;{}&#8221;][et_pb_column type=&#8221;2_5&#8243; module_class=&#8221;pl50_a980&#8243; _builder_version=&#8221;4.23.1&#8243; _module_preset=&#8221;default&#8221; global_colors_info=&#8221;{}&#8221;][et_pb_text module_class=&#8221;h1-class&#8221; _builder_version=&#8221;4.24.0&#8243; _module_preset=&#8221;default&#8221; global_colors_info=&#8221;{}&#8221;]<\/p>\n<h1 class=\"pt0\"><strong>autotec<\/strong><br \/>We set standards<\/h1>\n<p><strong>Revolutionary technologies for wood processing<\/strong><\/p>\n<p><span>autotec is setting new standards with automated fastening solutions for production plants and robot systems &#8211; primarily in the woodworking industry, but also in the automotive sector, for example.<\/span><\/p>\n<p><span>A very good price-performance ratio, a high degree of efficiency and extreme reliability have made us the market leader.<\/span><\/p>\n<p><span>autotec is characterized by the optimal integration of individual devices into industrial production processes.<\/span><\/p>\n<p>This opens up completely new possibilities for optimizing your production. Optimally tailored to your production process, we are redefining the future of automated fastening technology with autotec.<\/p>\n<p>[\/et_pb_text][\/et_pb_column][et_pb_column type=&#8221;3_5&#8243; _builder_version=&#8221;4.23.1&#8243; _module_preset=&#8221;default&#8221; global_colors_info=&#8221;{}&#8221;][et_pb_code _builder_version=&#8221;4.24.0&#8243; _module_preset=&#8221;default&#8221; global_colors_info=&#8221;{}&#8221;]<div class=\"BorlabsCookie _brlbs-cb-youtube\"><div class=\"_brlbs-content-blocker\"> <div class=\"_brlbs-embed _brlbs-video-youtube\"> <img class=\"_brlbs-thumbnail\" src=\"https:\/\/bea.webseite-programmierung.de\/wp-content\/plugins\/borlabs-cookie\/assets\/images\/cb-no-thumbnail.png\" alt=\"YouTube\"> <div class=\"_brlbs-caption\"> <p>Mit dem Laden des Videos akzeptieren Sie die Datenschutzerkl\u00e4rung von YouTube.<br><a href=\"https:\/\/policies.google.com\/privacy\" target=\"_blank\" rel=\"nofollow noopener noreferrer\">Mehr erfahren<\/a><\/p> <p><a class=\"_brlbs-btn _brlbs-icon-play-white\" href=\"#\" data-borlabs-cookie-unblock role=\"button\">Video laden<\/a><\/p> <p><label><input type=\"checkbox\" name=\"unblockAll\" value=\"1\" checked> <small>YouTube immer entsperren<\/small><\/label><\/p> <\/div> <\/div> <\/div><div class=\"borlabs-hide\" data-borlabs-cookie-type=\"content-blocker\" data-borlabs-cookie-id=\"youtube\"><script type=\"text\/template\">PGlmcmFtZSBsb2FkaW5nPSJsYXp5IiB3aWR0aD0iNTYwIiBoZWlnaHQ9IjMxNSIgc3JjPSJodHRwczovL3d3dy55b3V0dWJlLW5vY29va2llLmNvbS9lbWJlZC9mYmpERExFWk9Vaz9zaT04ZGdNd0Uwa0pZUHptWFdTJiMwMzg7YXV0b3BsYXk9MSYjMDM4O211dGU9MSYjMDM4O3JlbD0wIiB0aXRsZT0iWW91VHViZSB2aWRlbyBwbGF5ZXIiIGZyYW1lYm9yZGVyPSIwIiBhbGxvdz0iYWNjZWxlcm9tZXRlcjsgYXV0b3BsYXk7IGNsaXBib2FyZC13cml0ZTsgZW5jcnlwdGVkLW1lZGlhOyBneXJvc2NvcGU7IHBpY3R1cmUtaW4tcGljdHVyZTsgd2ViLXNoYXJlIiBhbGxvd2Z1bGxzY3JlZW4+PC9pZnJhbWU+<\/script><\/div><\/div>[\/et_pb_code][\/et_pb_column][\/et_pb_row][\/et_pb_section][et_pb_section fb_built=&#8221;1&#8243; module_class=&#8221;pt0 pb0&#8243; _builder_version=&#8221;4.23.1&#8243; _module_preset=&#8221;default&#8221; global_colors_info=&#8221;{}&#8221;][et_pb_row module_class=&#8221;border-right-team-2 pb0&#8243; _builder_version=&#8221;4.23.1&#8243; _module_preset=&#8221;default&#8221; global_colors_info=&#8221;{}&#8221;][et_pb_column type=&#8221;4_4&#8243; _builder_version=&#8221;4.23.1&#8243; _module_preset=&#8221;default&#8221; global_colors_info=&#8221;{}&#8221;][et_pb_text module_class=&#8221;white-h2-class&#8221; _builder_version=&#8221;4.24.0&#8243; _module_preset=&#8221;default&#8221; global_colors_info=&#8221;{}&#8221;]<\/p>\n<h2>WE ARE YOUR EXPERTS FOR FASTENING TECHNOLOGY<\/h2>\n<p>autotec is the number one worldwide for automated fastening solutions with stapling technology. We understand the requirements and use them to develop pioneering innovations such as the interchangeable cassette with up to 200 mm long wide-back staples for fastening insulation boards, the large coils with up to 900 nails or the automatic loading station when using robot arms. Our know-how is part of our corporate DNA.[\/et_pb_text][\/et_pb_column][\/et_pb_row][et_pb_row column_structure=&#8221;1_3,1_3,1_3&#8243; module_class=&#8221;border-right-team-3 anchor-link-normal  h5-class-team&#8221; _builder_version=&#8221;4.23.1&#8243; _module_preset=&#8221;default&#8221; global_colors_info=&#8221;{}&#8221;][et_pb_column type=&#8221;1_3&#8243; _builder_version=&#8221;4.23.1&#8243; _module_preset=&#8221;default&#8221; global_colors_info=&#8221;{}&#8221;][et_pb_image src=&#8221;https:\/\/bea.webseite-programmierung.de\/wp-content\/uploads\/2024\/01\/ANSPRECHPARTNER.jpg&#8221; title_text=&#8221;ANSPRECHPARTNER&#8221; _builder_version=&#8221;4.23.4&#8243; _module_preset=&#8221;default&#8221; global_colors_info=&#8221;{}&#8221;][\/et_pb_image][et_pb_text _builder_version=&#8221;4.24.0&#8243; _module_preset=&#8221;default&#8221; hover_enabled=&#8221;0&#8243; global_colors_info=&#8221;{}&#8221; sticky_enabled=&#8221;0&#8243;]<\/p>\n<h5>CONTACT PERSON<br \/>autotec<\/h5>\n<p><a href=\"mailto:automatisierung@bea-group.com\">automatisierung@BeA-group.com<\/a><br \/><a href=\"tel:+49410278198\">04102 78 198<\/a><\/p>\n<p>[\/et_pb_text][\/et_pb_column][et_pb_column type=&#8221;1_3&#8243; _builder_version=&#8221;4.23.1&#8243; _module_preset=&#8221;default&#8221; global_colors_info=&#8221;{}&#8221;][et_pb_image src=&#8221;https:\/\/bea.webseite-programmierung.de\/wp-content\/uploads\/2023\/11\/TECHNISCHER.jpg&#8221; title_text=&#8221;TECHNISCHER&#8221; _builder_version=&#8221;4.23.1&#8243; _module_preset=&#8221;default&#8221; global_colors_info=&#8221;{}&#8221;][\/et_pb_image][et_pb_text _builder_version=&#8221;4.24.0&#8243; _module_preset=&#8221;default&#8221; hover_enabled=&#8221;0&#8243; global_colors_info=&#8221;{}&#8221; sticky_enabled=&#8221;0&#8243;]<\/p>\n<h5>TECHNICAL<br \/>SUPPORT<\/h5>\n<p><a href=\"mailto:service@bea-group.com\">service@BeA-group.com<\/a><br \/><a href=\"tel:+49410278446\">04102 78 446<\/a><\/p>\n<p>[\/et_pb_text][\/et_pb_column][et_pb_column type=&#8221;1_3&#8243; _builder_version=&#8221;4.23.1&#8243; _module_preset=&#8221;default&#8221; global_colors_info=&#8221;{}&#8221;][et_pb_image src=&#8221;https:\/\/bea.webseite-programmierung.de\/wp-content\/uploads\/2024\/01\/CUSTOMER-SERVICE.jpg&#8221; title_text=&#8221;CUSTOMER-SERVICE&#8221; _builder_version=&#8221;4.23.4&#8243; _module_preset=&#8221;default&#8221; global_colors_info=&#8221;{}&#8221;][\/et_pb_image][et_pb_text _builder_version=&#8221;4.24.0&#8243; _module_preset=&#8221;default&#8221; hover_enabled=&#8221;0&#8243; global_colors_info=&#8221;{}&#8221; sticky_enabled=&#8221;0&#8243;]<\/p>\n<h5>CUSTOMER SERVICE<br \/>CENTER<\/h5>\n<p><a href=\"mailto:service@bea-group.com\">service@BeA-group.com<\/a><br \/><a href=\"tel:+49410278446\">04102 78 446<\/a><\/p>\n<p>[\/et_pb_text][et_pb_text disabled_on=&#8221;on|on|on&#8221; _builder_version=&#8221;4.23.1&#8243; _module_preset=&#8221;default&#8221; disabled=&#8221;on&#8221; global_colors_info=&#8221;{}&#8221;]<a href=\"\/autotec-support\/\" class=\"anchor_link_arrow\">KUNDENSERVICE IM VERTRIEB<\/a>[\/et_pb_text][\/et_pb_column][\/et_pb_row][\/et_pb_section][et_pb_section fb_built=&#8221;1&#8243; module_class=&#8221;white-h2-class pt0 border-class-6&#8243; _builder_version=&#8221;4.23.1&#8243; _module_preset=&#8221;default&#8221; global_colors_info=&#8221;{}&#8221;][et_pb_row module_class=&#8221;border-class-4&#8243; _builder_version=&#8221;4.23.1&#8243; _module_preset=&#8221;default&#8221; global_colors_info=&#8221;{}&#8221;][et_pb_column type=&#8221;4_4&#8243; _builder_version=&#8221;4.23.1&#8243; _module_preset=&#8221;default&#8221; global_colors_info=&#8221;{}&#8221;][et_pb_text _builder_version=&#8221;4.24.0&#8243; _module_preset=&#8221;default&#8221; global_colors_info=&#8221;{}&#8221;]<\/p>\n<h2 class=\"pb0\">AUTOMATED SOLUTIONS<\/h2>\n<p>[\/et_pb_text][\/et_pb_column][\/et_pb_row][et_pb_row module_class=&#8221;border-class-5&#8243; _builder_version=&#8221;4.23.1&#8243; _module_preset=&#8221;default&#8221; global_colors_info=&#8221;{}&#8221;][et_pb_column type=&#8221;4_4&#8243; _builder_version=&#8221;4.23.1&#8243; _module_preset=&#8221;default&#8221; global_colors_info=&#8221;{}&#8221;][et_pb_code _builder_version=&#8221;4.24.0&#8243; _module_preset=&#8221;default&#8221; global_colors_info=&#8221;{}&#8221;]<div class=\"BorlabsCookie _brlbs-cb-youtube\"><div class=\"_brlbs-content-blocker\"> <div class=\"_brlbs-embed _brlbs-video-youtube\"> <img class=\"_brlbs-thumbnail\" src=\"https:\/\/bea.webseite-programmierung.de\/wp-content\/plugins\/borlabs-cookie\/assets\/images\/cb-no-thumbnail.png\" alt=\"YouTube\"> <div class=\"_brlbs-caption\"> <p>Mit dem Laden des Videos akzeptieren Sie die Datenschutzerkl\u00e4rung von YouTube.<br><a href=\"https:\/\/policies.google.com\/privacy\" target=\"_blank\" rel=\"nofollow noopener noreferrer\">Mehr erfahren<\/a><\/p> <p><a class=\"_brlbs-btn _brlbs-icon-play-white\" href=\"#\" data-borlabs-cookie-unblock role=\"button\">Video laden<\/a><\/p> <p><label><input type=\"checkbox\" name=\"unblockAll\" value=\"1\" checked> <small>YouTube immer entsperren<\/small><\/label><\/p> <\/div> <\/div> <\/div><div class=\"borlabs-hide\" data-borlabs-cookie-type=\"content-blocker\" data-borlabs-cookie-id=\"youtube\"><script type=\"text\/template\">PGlmcmFtZSBsb2FkaW5nPSJsYXp5IiB3aWR0aD0iNTYwIiBoZWlnaHQ9IjMxNSIgc3JjPSJodHRwczovL3d3dy55b3V0dWJlLW5vY29va2llLmNvbS9lbWJlZC9RbWxkRVpINS1Maz9zaT0wUHhFMkJLLUZiN1ByU3oxJiMwMzg7YXV0b3BsYXk9MSYjMDM4O211dGU9MSYjMDM4O3JlbD0wIiB0aXRsZT0iWW91VHViZSB2aWRlbyBwbGF5ZXIiIGZyYW1lYm9yZGVyPSIwIiBhbGxvdz0iYWNjZWxlcm9tZXRlcjsgYXV0b3BsYXk7IGNsaXBib2FyZC13cml0ZTsgZW5jcnlwdGVkLW1lZGlhOyBneXJvc2NvcGU7IHBpY3R1cmUtaW4tcGljdHVyZTsgd2ViLXNoYXJlIiBhbGxvd2Z1bGxzY3JlZW4+PC9pZnJhbWU+<\/script><\/div><\/div>[\/et_pb_code][\/et_pb_column][\/et_pb_row][\/et_pb_section]<\/p>\n","protected":false},"excerpt":{"rendered":"<p>autotecWe set standards Revolutionary technologies for wood processing autotec is setting new standards with automated fastening solutions for production plants and robot systems &#8211; primarily in the woodworking industry, but also in the automotive sector, for example. A very good price-performance ratio, a high degree of efficiency and extreme reliability have made us the market [&hellip;]<\/p>\n","protected":false},"author":3,"featured_media":0,"parent":0,"menu_order":0,"comment_status":"closed","ping_status":"closed","template":"","meta":{"_et_pb_use_builder":"on","_et_pb_old_content":"[et_pb_section fb_built=\"1\" module_class=\"mainsec_autotec\" _builder_version=\"4.23.1\" _module_preset=\"default\" background_enable_image=\"off\" global_colors_info=\"{}\"][et_pb_row column_structure=\"2_5,3_5\" module_class=\"border-left-autotec_main_sec\" _builder_version=\"4.23.1\" _module_preset=\"default\" global_colors_info=\"{}\"][et_pb_column type=\"2_5\" module_class=\"pl50_a980\" _builder_version=\"4.23.1\" _module_preset=\"default\" global_colors_info=\"{}\"][et_pb_text module_class=\"h1-class\" _builder_version=\"4.24.0\" _module_preset=\"default\" hover_enabled=\"0\" global_colors_info=\"{}\" sticky_enabled=\"0\"]<h1 class=\"pt0\"><strong>autotec<\/strong><br \/>Wir setzen Ma\u00dfst\u00e4be<\/h1>\r\n<p><strong>Revolution\u00e4re Technologien f\u00fcr die Holzverarbeitung<\/strong><\/p>\r\n<p><span>autotec setzt neue Ma\u00dfst\u00e4be mit automatisierten Befestigungsl\u00f6sungen f\u00fcr Produktionsanlagen und Robotersysteme \u2013 vor allem in der holzverarbeitenden Industrie, aber beispielsweise auch im Automotivbereich.<\/span><\/p>\r\n<p><span>Ein sehr gutes Preis-Leistungsverh\u00e4ltnis, ein hoher Grad an Effizienz und extreme Zuverl\u00e4ssigkeit haben uns zum Marktf\u00fchrer gemacht. <\/span><\/p>\r\n<p><span>autotec zeichnet sich durch die optimale Integration individueller Ger\u00e4te in industrielle Fertigungsprozesse aus.<\/span><\/p>\r\n<p>Damit stehen Ihnen v\u00f6llig neue M\u00f6glichkeiten bei der Optimierung Ihrer Produktion zur Verf\u00fcgung. Optimal abgestimmt auf Ihren Fertigungsprozess definieren wir mit autotec die Zukunft der automatisierten Befestigungstechnik neu.<\/p>[\/et_pb_text][\/et_pb_column][et_pb_column type=\"3_5\" _builder_version=\"4.23.1\" _module_preset=\"default\" global_colors_info=\"{}\"][et_pb_code _builder_version=\"4.24.0\" _module_preset=\"default\" global_colors_info=\"{}\"]<iframe width=\"560\" height=\"315\" src=\"https:\/\/www.youtube.com\/embed\/fbjDDLEZOUk?si=8dgMwE0kJYPzmXWS&autoplay=1&mute=1&rel=0\" title=\"YouTube video player\" frameborder=\"0\" allow=\"accelerometer; autoplay; clipboard-write; encrypted-media; gyroscope; picture-in-picture; web-share\" allowfullscreen><\/iframe>[\/et_pb_code][\/et_pb_column][\/et_pb_row][\/et_pb_section][et_pb_section fb_built=\"1\" module_class=\"pt0 pb0\" _builder_version=\"4.23.1\" _module_preset=\"default\" global_colors_info=\"{}\"][et_pb_row module_class=\"border-right-team-2 pb0\" _builder_version=\"4.23.1\" _module_preset=\"default\" global_colors_info=\"{}\"][et_pb_column type=\"4_4\" _builder_version=\"4.23.1\" _module_preset=\"default\" global_colors_info=\"{}\"][et_pb_text module_class=\"white-h2-class\" _builder_version=\"4.23.4\" _module_preset=\"default\" global_colors_info=\"{}\"]<h2>WIR SIND IHRE EXPERTEN F\u00dcR BEFESTIGUNGSTECHNIK<\/h2>\r\nautotec ist weltweit die Nummer eins f\u00fcr automatisierte Befestigungsl\u00f6sungen mit Klammertechnik. Wir verstehen die Anforderungen und entwickeln daraus wegweisende Innovationen wie die Wechselkassette mit bis zur 200 mm langen Breitr\u00fcckenklammer zur Befestigung von D\u00e4mmstoffplatten, den Gro\u00dfcoils mit bis zu 900 N\u00e4geln oder der automatischen Beladestation beim Einsatz von Roboterarmen. Unser Know-how ist Bestandteil unserer Unternehmens-DNA.[\/et_pb_text][\/et_pb_column][\/et_pb_row][et_pb_row column_structure=\"1_3,1_3,1_3\" module_class=\"border-right-team-3 anchor-link-normal  h5-class-team\" _builder_version=\"4.23.1\" _module_preset=\"default\" global_colors_info=\"{}\"][et_pb_column type=\"1_3\" _builder_version=\"4.23.1\" _module_preset=\"default\" global_colors_info=\"{}\"][et_pb_image src=\"https:\/\/bea.webseite-programmierung.de\/wp-content\/uploads\/2024\/01\/ANSPRECHPARTNER.jpg\" title_text=\"ANSPRECHPARTNER\" _builder_version=\"4.23.4\" _module_preset=\"default\" global_colors_info=\"{}\"][\/et_pb_image][et_pb_text _builder_version=\"4.24.0\" _module_preset=\"default\" global_colors_info=\"{}\"]<h5>ANSPRECHPARTNER<br \/>autotec<\/h5>\r\n<p><a href=\"mailto:automatisierung@bea-group.com\">automatisierung@bea-group.com<\/a><br \/><a href=\"tel:+49410278198\">04102 78 198<\/a><\/p>[\/et_pb_text][\/et_pb_column][et_pb_column type=\"1_3\" _builder_version=\"4.23.1\" _module_preset=\"default\" global_colors_info=\"{}\"][et_pb_image src=\"https:\/\/bea.webseite-programmierung.de\/wp-content\/uploads\/2023\/11\/TECHNISCHER.jpg\" title_text=\"TECHNISCHER\" _builder_version=\"4.23.1\" _module_preset=\"default\" global_colors_info=\"{}\"][\/et_pb_image][et_pb_text _builder_version=\"4.24.0\" _module_preset=\"default\" global_colors_info=\"{}\"]<h5>TECHNISCHER<br \/>SUPPORT<\/h5>\r\n<p><a href=\"mailto:service@bea-group.com\">service@bea-group.com<\/a><br \/><a href=\"tel:+49410278446\">04102 78 446<\/a><\/p>[\/et_pb_text][\/et_pb_column][et_pb_column type=\"1_3\" _builder_version=\"4.23.1\" _module_preset=\"default\" global_colors_info=\"{}\"][et_pb_image src=\"https:\/\/bea.webseite-programmierung.de\/wp-content\/uploads\/2024\/01\/CUSTOMER-SERVICE.jpg\" title_text=\"CUSTOMER-SERVICE\" _builder_version=\"4.23.4\" _module_preset=\"default\" global_colors_info=\"{}\"][\/et_pb_image][et_pb_text _builder_version=\"4.24.0\" _module_preset=\"default\" global_colors_info=\"{}\"]<h5>CUSTOMER SERVICE<br \/>CENTER<\/h5>\r\n<p><a href=\"mailto:service@bea-group.com\">service@bea-group.com<\/a><br \/><a href=\"tel:+49410278446\">04102 78 446<\/a><\/p>[\/et_pb_text][et_pb_text disabled_on=\"on|on|on\" _builder_version=\"4.23.1\" _module_preset=\"default\" disabled=\"on\" global_colors_info=\"{}\"]<a href=\"\/autotec-support\/\" class=\"anchor_link_arrow\">KUNDENSERVICE IM VERTRIEB<\/a>[\/et_pb_text][\/et_pb_column][\/et_pb_row][\/et_pb_section][et_pb_section fb_built=\"1\" module_class=\"white-h2-class pt0 border-class-6\" _builder_version=\"4.23.1\" _module_preset=\"default\" global_colors_info=\"{}\"][et_pb_row module_class=\"border-class-4\" _builder_version=\"4.23.1\" _module_preset=\"default\" global_colors_info=\"{}\"][et_pb_column type=\"4_4\" _builder_version=\"4.23.1\" _module_preset=\"default\" global_colors_info=\"{}\"][et_pb_text _builder_version=\"4.23.1\" _module_preset=\"default\" global_colors_info=\"{}\"]<h2 class=\"pb0\">AUTOMATISIERTE L\u00d6SUNGEN<\/h2>[\/et_pb_text][\/et_pb_column][\/et_pb_row][et_pb_row module_class=\"border-class-5\" _builder_version=\"4.23.1\" _module_preset=\"default\" global_colors_info=\"{}\"][et_pb_column type=\"4_4\" _builder_version=\"4.23.1\" _module_preset=\"default\" global_colors_info=\"{}\"][et_pb_code _builder_version=\"4.24.0\" _module_preset=\"default\" global_colors_info=\"{}\"]<iframe width=\"560\" height=\"315\" src=\"https:\/\/www.youtube.com\/embed\/QmldEZH5-Lk?si=0PxE2BK-Fb7PrSz1&autoplay=1&mute=1&rel=0\" title=\"YouTube video player\" frameborder=\"0\" allow=\"accelerometer; autoplay; clipboard-write; encrypted-media; gyroscope; picture-in-picture; web-share\" allowfullscreen><\/iframe>[\/et_pb_code][\/et_pb_column][\/et_pb_row][\/et_pb_section]","_et_gb_content_width":"","footnotes":""},"yoast_head":"<!-- This site is optimized with the Yoast SEO plugin v23.5 - https:\/\/yoast.com\/wordpress\/plugins\/seo\/ -->\n<title>autotec for automation - BeA GmbH<\/title>\n<meta name=\"description\" content=\"A very good price-performance ratio, a high degree of efficiency and extreme reliability have made us the market leader.\" \/>\n<meta name=\"robots\" content=\"noindex, follow, max-snippet:-1, max-image-preview:large, max-video-preview:-1\" \/>\n<meta property=\"og:locale\" content=\"en_US\" \/>\n<meta property=\"og:type\" content=\"article\" \/>\n<meta property=\"og:title\" content=\"autotec for automation - BeA GmbH\" \/>\n<meta property=\"og:description\" content=\"A very good price-performance ratio, a high degree of efficiency and extreme reliability have made us the market leader.\" \/>\n<meta property=\"og:url\" content=\"https:\/\/bea.webseite-programmierung.de\/en\/autotec-for-automation\/\" \/>\n<meta property=\"og:site_name\" content=\"BeA GmbH\" \/>\n<meta property=\"article:modified_time\" content=\"2024-01-26T11:40:11+00:00\" \/>\n<meta name=\"twitter:card\" content=\"summary_large_image\" \/>\n<meta name=\"twitter:label1\" content=\"Est. reading time\" \/>\n\t<meta name=\"twitter:data1\" content=\"2 minutes\" \/>\n<script type=\"application\/ld+json\" class=\"yoast-schema-graph\">{\"@context\":\"https:\/\/schema.org\",\"@graph\":[{\"@type\":\"WebPage\",\"@id\":\"https:\/\/bea.webseite-programmierung.de\/en\/autotec-for-automation\/\",\"url\":\"https:\/\/bea.webseite-programmierung.de\/en\/autotec-for-automation\/\",\"name\":\"autotec for automation - BeA GmbH\",\"isPartOf\":{\"@id\":\"https:\/\/bea.webseite-programmierung.de\/en\/#website\"},\"datePublished\":\"2024-01-26T06:10:50+00:00\",\"dateModified\":\"2024-01-26T11:40:11+00:00\",\"description\":\"A very good price-performance ratio, a high degree of efficiency and extreme reliability have made us the market leader.\",\"breadcrumb\":{\"@id\":\"https:\/\/bea.webseite-programmierung.de\/en\/autotec-for-automation\/#breadcrumb\"},\"inLanguage\":\"en-US\",\"potentialAction\":[{\"@type\":\"ReadAction\",\"target\":[\"https:\/\/bea.webseite-programmierung.de\/en\/autotec-for-automation\/\"]}]},{\"@type\":\"BreadcrumbList\",\"@id\":\"https:\/\/bea.webseite-programmierung.de\/en\/autotec-for-automation\/#breadcrumb\",\"itemListElement\":[{\"@type\":\"ListItem\",\"position\":1,\"name\":\"Startseite\",\"item\":\"https:\/\/bea.webseite-programmierung.de\/en\/\"},{\"@type\":\"ListItem\",\"position\":2,\"name\":\"autotec for automation\"}]},{\"@type\":\"WebSite\",\"@id\":\"https:\/\/bea.webseite-programmierung.de\/en\/#website\",\"url\":\"https:\/\/bea.webseite-programmierung.de\/en\/\",\"name\":\"BeA GmbH\",\"description\":\"Firmenslogan\",\"potentialAction\":[{\"@type\":\"SearchAction\",\"target\":{\"@type\":\"EntryPoint\",\"urlTemplate\":\"https:\/\/bea.webseite-programmierung.de\/en\/?s={search_term_string}\"},\"query-input\":{\"@type\":\"PropertyValueSpecification\",\"valueRequired\":true,\"valueName\":\"search_term_string\"}}],\"inLanguage\":\"en-US\"}]}<\/script>\n<!-- \/ Yoast SEO plugin. -->","yoast_head_json":{"title":"autotec for automation - BeA GmbH","description":"A very good price-performance ratio, a high degree of efficiency and extreme reliability have made us the market leader.","robots":{"index":"noindex","follow":"follow","max-snippet":"max-snippet:-1","max-image-preview":"max-image-preview:large","max-video-preview":"max-video-preview:-1"},"og_locale":"en_US","og_type":"article","og_title":"autotec for automation - BeA GmbH","og_description":"A very good price-performance ratio, a high degree of efficiency and extreme reliability have made us the market leader.","og_url":"https:\/\/bea.webseite-programmierung.de\/en\/autotec-for-automation\/","og_site_name":"BeA GmbH","article_modified_time":"2024-01-26T11:40:11+00:00","twitter_card":"summary_large_image","twitter_misc":{"Est. reading time":"2 minutes"},"schema":{"@context":"https:\/\/schema.org","@graph":[{"@type":"WebPage","@id":"https:\/\/bea.webseite-programmierung.de\/en\/autotec-for-automation\/","url":"https:\/\/bea.webseite-programmierung.de\/en\/autotec-for-automation\/","name":"autotec for automation - BeA GmbH","isPartOf":{"@id":"https:\/\/bea.webseite-programmierung.de\/en\/#website"},"datePublished":"2024-01-26T06:10:50+00:00","dateModified":"2024-01-26T11:40:11+00:00","description":"A very good price-performance ratio, a high degree of efficiency and extreme reliability have made us the market leader.","breadcrumb":{"@id":"https:\/\/bea.webseite-programmierung.de\/en\/autotec-for-automation\/#breadcrumb"},"inLanguage":"en-US","potentialAction":[{"@type":"ReadAction","target":["https:\/\/bea.webseite-programmierung.de\/en\/autotec-for-automation\/"]}]},{"@type":"BreadcrumbList","@id":"https:\/\/bea.webseite-programmierung.de\/en\/autotec-for-automation\/#breadcrumb","itemListElement":[{"@type":"ListItem","position":1,"name":"Startseite","item":"https:\/\/bea.webseite-programmierung.de\/en\/"},{"@type":"ListItem","position":2,"name":"autotec for automation"}]},{"@type":"WebSite","@id":"https:\/\/bea.webseite-programmierung.de\/en\/#website","url":"https:\/\/bea.webseite-programmierung.de\/en\/","name":"BeA GmbH","description":"Firmenslogan","potentialAction":[{"@type":"SearchAction","target":{"@type":"EntryPoint","urlTemplate":"https:\/\/bea.webseite-programmierung.de\/en\/?s={search_term_string}"},"query-input":{"@type":"PropertyValueSpecification","valueRequired":true,"valueName":"search_term_string"}}],"inLanguage":"en-US"}]}},"_links":{"self":[{"href":"https:\/\/bea.webseite-programmierung.de\/en\/wp-json\/wp\/v2\/pages\/57150"}],"collection":[{"href":"https:\/\/bea.webseite-programmierung.de\/en\/wp-json\/wp\/v2\/pages"}],"about":[{"href":"https:\/\/bea.webseite-programmierung.de\/en\/wp-json\/wp\/v2\/types\/page"}],"author":[{"embeddable":true,"href":"https:\/\/bea.webseite-programmierung.de\/en\/wp-json\/wp\/v2\/users\/3"}],"replies":[{"embeddable":true,"href":"https:\/\/bea.webseite-programmierung.de\/en\/wp-json\/wp\/v2\/comments?post=57150"}],"version-history":[{"count":4,"href":"https:\/\/bea.webseite-programmierung.de\/en\/wp-json\/wp\/v2\/pages\/57150\/revisions"}],"predecessor-version":[{"id":57373,"href":"https:\/\/bea.webseite-programmierung.de\/en\/wp-json\/wp\/v2\/pages\/57150\/revisions\/57373"}],"wp:attachment":[{"href":"https:\/\/bea.webseite-programmierung.de\/en\/wp-json\/wp\/v2\/media?parent=57150"}],"curies":[{"name":"wp","href":"https:\/\/api.w.org\/{rel}","templated":true}]}}