{"id":57072,"date":"2019-07-23T21:11:49","date_gmt":"2019-07-23T19:11:49","guid":{"rendered":"https:\/\/bea.webseite-programmierung.de\/impressum\/"},"modified":"2024-01-26T13:17:08","modified_gmt":"2024-01-26T12:17:08","slug":"imprint","status":"publish","type":"page","link":"https:\/\/bea.webseite-programmierung.de\/en\/imprint\/","title":{"rendered":"Imprint"},"content":{"rendered":"<p>[et_pb_section fb_built=&#8221;1&#8243; module_class=&#8221;impress_page h1-class h1&#8243; _builder_version=&#8221;4.23.1&#8243; use_background_color_gradient=&#8221;on&#8221; background_color_gradient_stops=&#8221;rgba(0,26,43,0.8) 0%|rgba(0,26,43,0.8) 100%&#8221; background_color_gradient_overlays_image=&#8221;on&#8221; background_color_gradient_start=&#8221;rgba(0,0,0,0.5)&#8221; background_color_gradient_end=&#8221;rgba(0,0,0,0.5)&#8221; background_image=&#8221;https:\/\/bea.webseite-programmierung.de\/wp-content\/uploads\/2023\/11\/secondary_header_company.jpg&#8221; background_position=&#8221;top_center&#8221; vertical_offset_tablet=&#8221;0&#8243; horizontal_offset_tablet=&#8221;0&#8243; box_shadow_horizontal_tablet=&#8221;0px&#8221; box_shadow_vertical_tablet=&#8221;0px&#8221; box_shadow_blur_tablet=&#8221;40px&#8221; box_shadow_spread_tablet=&#8221;0px&#8221; global_colors_info=&#8221;{}&#8221;][\/et_pb_section][et_pb_section fb_built=&#8221;1&#8243; module_class=&#8221;impress_page&#8221; _builder_version=&#8221;4.23.1&#8243; vertical_offset_tablet=&#8221;0&#8243; horizontal_offset_tablet=&#8221;0&#8243; box_shadow_horizontal_tablet=&#8221;0px&#8221; box_shadow_vertical_tablet=&#8221;0px&#8221; box_shadow_blur_tablet=&#8221;40px&#8221; box_shadow_spread_tablet=&#8221;0px&#8221; global_colors_info=&#8221;{}&#8221;][et_pb_row _builder_version=&#8221;4.23.1&#8243; vertical_offset_tablet=&#8221;0&#8243; horizontal_offset_tablet=&#8221;0&#8243; z_index_tablet=&#8221;0&#8243; box_shadow_horizontal_tablet=&#8221;0px&#8221; box_shadow_vertical_tablet=&#8221;0px&#8221; box_shadow_blur_tablet=&#8221;40px&#8221; box_shadow_spread_tablet=&#8221;0px&#8221; global_colors_info=&#8221;{}&#8221;][et_pb_column type=&#8221;4_4&#8243; _builder_version=&#8221;4.16&#8243; custom_padding=&#8221;|||&#8221; global_colors_info=&#8221;{}&#8221; custom_padding__hover=&#8221;|||&#8221;][et_pb_text _builder_version=&#8221;4.24.0&#8243; text_line_height=&#8221;1.6em&#8221; header_font=&#8221;|600|||||||&#8221; header_2_font=&#8221;|600|||||||&#8221; header_2_font_size=&#8221;21px&#8221; vertical_offset_tablet=&#8221;0&#8243; horizontal_offset_tablet=&#8221;0&#8243; hover_enabled=&#8221;0&#8243; z_index_tablet=&#8221;0&#8243; text_text_shadow_horizontal_length_tablet=&#8221;0px&#8221; text_text_shadow_vertical_length_tablet=&#8221;0px&#8221; text_text_shadow_blur_strength_tablet=&#8221;1px&#8221; link_text_shadow_horizontal_length_tablet=&#8221;0px&#8221; link_text_shadow_vertical_length_tablet=&#8221;0px&#8221; link_text_shadow_blur_strength_tablet=&#8221;1px&#8221; ul_text_shadow_horizontal_length_tablet=&#8221;0px&#8221; ul_text_shadow_vertical_length_tablet=&#8221;0px&#8221; ul_text_shadow_blur_strength_tablet=&#8221;1px&#8221; ol_text_shadow_horizontal_length_tablet=&#8221;0px&#8221; ol_text_shadow_vertical_length_tablet=&#8221;0px&#8221; ol_text_shadow_blur_strength_tablet=&#8221;1px&#8221; quote_text_shadow_horizontal_length_tablet=&#8221;0px&#8221; quote_text_shadow_vertical_length_tablet=&#8221;0px&#8221; quote_text_shadow_blur_strength_tablet=&#8221;1px&#8221; header_text_shadow_horizontal_length_tablet=&#8221;0px&#8221; header_text_shadow_vertical_length_tablet=&#8221;0px&#8221; header_text_shadow_blur_strength_tablet=&#8221;1px&#8221; header_2_text_shadow_horizontal_length_tablet=&#8221;0px&#8221; header_2_text_shadow_vertical_length_tablet=&#8221;0px&#8221; header_2_text_shadow_blur_strength_tablet=&#8221;1px&#8221; header_3_text_shadow_horizontal_length_tablet=&#8221;0px&#8221; header_3_text_shadow_vertical_length_tablet=&#8221;0px&#8221; header_3_text_shadow_blur_strength_tablet=&#8221;1px&#8221; header_4_text_shadow_horizontal_length_tablet=&#8221;0px&#8221; header_4_text_shadow_vertical_length_tablet=&#8221;0px&#8221; header_4_text_shadow_blur_strength_tablet=&#8221;1px&#8221; header_5_text_shadow_horizontal_length_tablet=&#8221;0px&#8221; header_5_text_shadow_vertical_length_tablet=&#8221;0px&#8221; header_5_text_shadow_blur_strength_tablet=&#8221;1px&#8221; header_6_text_shadow_horizontal_length_tablet=&#8221;0px&#8221; header_6_text_shadow_vertical_length_tablet=&#8221;0px&#8221; header_6_text_shadow_blur_strength_tablet=&#8221;1px&#8221; box_shadow_horizontal_tablet=&#8221;0px&#8221; box_shadow_vertical_tablet=&#8221;0px&#8221; box_shadow_blur_tablet=&#8221;40px&#8221; box_shadow_spread_tablet=&#8221;0px&#8221; global_colors_info=&#8221;{}&#8221; sticky_enabled=&#8221;0&#8243;]<\/p>\n<h1>BeA GmbH<\/h1>\n<p>Managing Director:<br \/>Dr. J\u00f6rg Dalh\u00f6fer<br \/>Andreas H\u00f6hling<\/p>\n<p><strong>HR: L\u00fcbeck HRB 21320HL<\/strong><br \/><strong>St. no. : 30\/293 80 781<\/strong><\/p>\n<p><strong>VAT no. : DE 342\/809\/873<\/strong><br \/><strong>WEEE reg. no. : DE 94007702<\/strong><\/p>\n<p>Webmaster: <a href=\"webmaster@bea-group.com\" target=\"_blank\" rel=\"noopener noreferrer\">webmaster@BeA-group.com<\/a><\/p>\n<h2>Address<\/h2>\n<p>Bogenstra\u00dfe 43-45<br \/>22926 Ahrensburg<\/p>\n<p>Tel.: <a href=\"tel:04102780\" target=\"_blank \" rel=\"noopener noreferrer\">04102 &#8211; 78 &#8211; 0<\/a><br \/>Fax: <a href=\"fax:0410278250\" target=\"_blank\" rel=\"noopener noreferrer\">04102 &#8211; 78 &#8211; 250<\/a><\/p>\n<p>e-mail: <a href=\"mailto:info@bea-group.com\" target=\"_blank\" rel=\"noopener noreferrer\">info@BeA-group.com<\/a><\/p>\n<p>Website created by Seiten-Werk GmbH<\/p>\n<h2>Disclaimer<\/h2>\n<p>BeA GmbH compiles the contents of these websites with great care and ensures that they are updated regularly. The information initially only serves as non-binding general information and does not replace individual advice. Errors, for example when specifying technical data, cannot be ruled out. We expressly reserve the right to make technical changes to the products or deviations of the delivered goods from the images on this website. BeA excludes any liability for damages that arise directly or indirectly from the use of this website, unless these are due to intent or gross negligence on the part of BeA.<\/p>\n<h2>Copyright<\/h2>\n<p>The copyright and all other rights to content, images, photos or other files on the website belong exclusively to BeA GmbH or the specifically named rights holders. For the reproduction of any elements, the written consent of the copyright holder must be obtained in advance.<\/p>\n<h2>The image material used is protected by copyright and has been licensed or made available.<\/h2>\n<p>https:\/\/stock. adobe.com\/<\/p>\n<p>\u00a9 Viglietti\/peopleimages.com, \u00a9 Ticha<\/p>\n<p>[\/et_pb_text][\/et_pb_column][\/et_pb_row][\/et_pb_section]<\/p>\n","protected":false},"excerpt":{"rendered":"<p>BeA GmbH Managing Director:Dr. J\u00f6rg Dalh\u00f6ferAndreas H\u00f6hling HR: L\u00fcbeck HRB 21320HLSt. no. : 30\/293 80 781 VAT no. : DE 342\/809\/873WEEE reg. no. : DE 94007702 Webmaster: webmaster@BeA-group.com Address Bogenstra\u00dfe 43-4522926 Ahrensburg Tel.: 04102 &#8211; 78 &#8211; 0Fax: 04102 &#8211; 78 &#8211; 250 e-mail: info@BeA-group.com Website created by Seiten-Werk GmbH Disclaimer BeA GmbH compiles the [&hellip;]<\/p>\n","protected":false},"author":3,"featured_media":0,"parent":0,"menu_order":0,"comment_status":"closed","ping_status":"closed","template":"","meta":{"_et_pb_use_builder":"on","_et_pb_old_content":"","_et_gb_content_width":"","footnotes":""},"yoast_head":"<!-- This site is optimized with the Yoast SEO plugin v23.5 - https:\/\/yoast.com\/wordpress\/plugins\/seo\/ -->\n<title>Imprint - BeA GmbH<\/title>\n<meta name=\"description\" content=\"BeA GmbH compiles the contents of these websites with great care and ensures that they are updated regularly.\" \/>\n<meta name=\"robots\" content=\"noindex, follow, max-snippet:-1, max-image-preview:large, max-video-preview:-1\" \/>\n<meta property=\"og:locale\" content=\"en_US\" \/>\n<meta property=\"og:type\" content=\"article\" \/>\n<meta property=\"og:title\" content=\"Imprint - BeA GmbH\" \/>\n<meta property=\"og:description\" content=\"BeA GmbH compiles the contents of these websites with great care and ensures that they are updated regularly.\" \/>\n<meta property=\"og:url\" content=\"https:\/\/bea.webseite-programmierung.de\/en\/imprint\/\" \/>\n<meta property=\"og:site_name\" content=\"BeA GmbH\" \/>\n<meta property=\"article:modified_time\" content=\"2024-01-26T12:17:08+00:00\" \/>\n<meta name=\"twitter:card\" content=\"summary_large_image\" \/>\n<meta name=\"twitter:label1\" content=\"Est. reading time\" \/>\n\t<meta name=\"twitter:data1\" content=\"1 minute\" \/>\n<script type=\"application\/ld+json\" class=\"yoast-schema-graph\">{\"@context\":\"https:\/\/schema.org\",\"@graph\":[{\"@type\":\"WebPage\",\"@id\":\"https:\/\/bea.webseite-programmierung.de\/en\/imprint\/\",\"url\":\"https:\/\/bea.webseite-programmierung.de\/en\/imprint\/\",\"name\":\"Imprint - BeA GmbH\",\"isPartOf\":{\"@id\":\"https:\/\/bea.webseite-programmierung.de\/en\/#website\"},\"datePublished\":\"2019-07-23T19:11:49+00:00\",\"dateModified\":\"2024-01-26T12:17:08+00:00\",\"description\":\"BeA GmbH compiles the contents of these websites with great care and ensures that they are updated regularly.\",\"breadcrumb\":{\"@id\":\"https:\/\/bea.webseite-programmierung.de\/en\/imprint\/#breadcrumb\"},\"inLanguage\":\"en-US\",\"potentialAction\":[{\"@type\":\"ReadAction\",\"target\":[\"https:\/\/bea.webseite-programmierung.de\/en\/imprint\/\"]}]},{\"@type\":\"BreadcrumbList\",\"@id\":\"https:\/\/bea.webseite-programmierung.de\/en\/imprint\/#breadcrumb\",\"itemListElement\":[{\"@type\":\"ListItem\",\"position\":1,\"name\":\"Startseite\",\"item\":\"https:\/\/bea.webseite-programmierung.de\/en\/\"},{\"@type\":\"ListItem\",\"position\":2,\"name\":\"Imprint\"}]},{\"@type\":\"WebSite\",\"@id\":\"https:\/\/bea.webseite-programmierung.de\/en\/#website\",\"url\":\"https:\/\/bea.webseite-programmierung.de\/en\/\",\"name\":\"BeA GmbH\",\"description\":\"Firmenslogan\",\"potentialAction\":[{\"@type\":\"SearchAction\",\"target\":{\"@type\":\"EntryPoint\",\"urlTemplate\":\"https:\/\/bea.webseite-programmierung.de\/en\/?s={search_term_string}\"},\"query-input\":{\"@type\":\"PropertyValueSpecification\",\"valueRequired\":true,\"valueName\":\"search_term_string\"}}],\"inLanguage\":\"en-US\"}]}<\/script>\n<!-- \/ Yoast SEO plugin. -->","yoast_head_json":{"title":"Imprint - BeA GmbH","description":"BeA GmbH compiles the contents of these websites with great care and ensures that they are updated regularly.","robots":{"index":"noindex","follow":"follow","max-snippet":"max-snippet:-1","max-image-preview":"max-image-preview:large","max-video-preview":"max-video-preview:-1"},"og_locale":"en_US","og_type":"article","og_title":"Imprint - BeA GmbH","og_description":"BeA GmbH compiles the contents of these websites with great care and ensures that they are updated regularly.","og_url":"https:\/\/bea.webseite-programmierung.de\/en\/imprint\/","og_site_name":"BeA GmbH","article_modified_time":"2024-01-26T12:17:08+00:00","twitter_card":"summary_large_image","twitter_misc":{"Est. reading time":"1 minute"},"schema":{"@context":"https:\/\/schema.org","@graph":[{"@type":"WebPage","@id":"https:\/\/bea.webseite-programmierung.de\/en\/imprint\/","url":"https:\/\/bea.webseite-programmierung.de\/en\/imprint\/","name":"Imprint - BeA GmbH","isPartOf":{"@id":"https:\/\/bea.webseite-programmierung.de\/en\/#website"},"datePublished":"2019-07-23T19:11:49+00:00","dateModified":"2024-01-26T12:17:08+00:00","description":"BeA GmbH compiles the contents of these websites with great care and ensures that they are updated regularly.","breadcrumb":{"@id":"https:\/\/bea.webseite-programmierung.de\/en\/imprint\/#breadcrumb"},"inLanguage":"en-US","potentialAction":[{"@type":"ReadAction","target":["https:\/\/bea.webseite-programmierung.de\/en\/imprint\/"]}]},{"@type":"BreadcrumbList","@id":"https:\/\/bea.webseite-programmierung.de\/en\/imprint\/#breadcrumb","itemListElement":[{"@type":"ListItem","position":1,"name":"Startseite","item":"https:\/\/bea.webseite-programmierung.de\/en\/"},{"@type":"ListItem","position":2,"name":"Imprint"}]},{"@type":"WebSite","@id":"https:\/\/bea.webseite-programmierung.de\/en\/#website","url":"https:\/\/bea.webseite-programmierung.de\/en\/","name":"BeA GmbH","description":"Firmenslogan","potentialAction":[{"@type":"SearchAction","target":{"@type":"EntryPoint","urlTemplate":"https:\/\/bea.webseite-programmierung.de\/en\/?s={search_term_string}"},"query-input":{"@type":"PropertyValueSpecification","valueRequired":true,"valueName":"search_term_string"}}],"inLanguage":"en-US"}]}},"_links":{"self":[{"href":"https:\/\/bea.webseite-programmierung.de\/en\/wp-json\/wp\/v2\/pages\/57072"}],"collection":[{"href":"https:\/\/bea.webseite-programmierung.de\/en\/wp-json\/wp\/v2\/pages"}],"about":[{"href":"https:\/\/bea.webseite-programmierung.de\/en\/wp-json\/wp\/v2\/types\/page"}],"author":[{"embeddable":true,"href":"https:\/\/bea.webseite-programmierung.de\/en\/wp-json\/wp\/v2\/users\/3"}],"replies":[{"embeddable":true,"href":"https:\/\/bea.webseite-programmierung.de\/en\/wp-json\/wp\/v2\/comments?post=57072"}],"version-history":[{"count":7,"href":"https:\/\/bea.webseite-programmierung.de\/en\/wp-json\/wp\/v2\/pages\/57072\/revisions"}],"predecessor-version":[{"id":57405,"href":"https:\/\/bea.webseite-programmierung.de\/en\/wp-json\/wp\/v2\/pages\/57072\/revisions\/57405"}],"wp:attachment":[{"href":"https:\/\/bea.webseite-programmierung.de\/en\/wp-json\/wp\/v2\/media?parent=57072"}],"curies":[{"name":"wp","href":"https:\/\/api.w.org\/{rel}","templated":true}]}}