{"id":56986,"date":"2024-01-25T11:25:44","date_gmt":"2024-01-25T10:25:44","guid":{"rendered":"https:\/\/bea.webseite-programmierung.de\/?page_id=56986"},"modified":"2024-01-26T13:05:31","modified_gmt":"2024-01-26T12:05:31","slug":"france","status":"publish","type":"page","link":"https:\/\/bea.webseite-programmierung.de\/en\/france\/","title":{"rendered":"France"},"content":{"rendered":"<p>[et_pb_section fb_built=&#8221;1&#8243; module_class=&#8221;impress_page h1-class h1&#8243; _builder_version=&#8221;4.23.1&#8243; use_background_color_gradient=&#8221;on&#8221; background_color_gradient_stops=&#8221;rgba(0,26,43,0.8) 0%|rgba(0,26,43,0.8) 100%&#8221; background_color_gradient_overlays_image=&#8221;on&#8221; background_color_gradient_start=&#8221;rgba(0,0,0,0.5)&#8221; background_color_gradient_end=&#8221;rgba(0,0,0,0.5)&#8221; background_image=&#8221;https:\/\/bea.webseite-programmierung.de\/wp-content\/uploads\/2023\/11\/secondary_header_company.jpg&#8221; background_position=&#8221;top_center&#8221; vertical_offset_tablet=&#8221;0&#8243; horizontal_offset_tablet=&#8221;0&#8243; box_shadow_horizontal_tablet=&#8221;0px&#8221; box_shadow_vertical_tablet=&#8221;0px&#8221; box_shadow_blur_tablet=&#8221;40px&#8221; box_shadow_spread_tablet=&#8221;0px&#8221; global_colors_info=&#8221;{}&#8221;][\/et_pb_section][et_pb_section fb_built=&#8221;1&#8243; module_class=&#8221;impress_page&#8221; _builder_version=&#8221;4.23.1&#8243; vertical_offset_tablet=&#8221;0&#8243; horizontal_offset_tablet=&#8221;0&#8243; box_shadow_horizontal_tablet=&#8221;0px&#8221; box_shadow_vertical_tablet=&#8221;0px&#8221; box_shadow_blur_tablet=&#8221;40px&#8221; box_shadow_spread_tablet=&#8221;0px&#8221; global_colors_info=&#8221;{}&#8221;][et_pb_row _builder_version=&#8221;4.23.1&#8243; vertical_offset_tablet=&#8221;0&#8243; horizontal_offset_tablet=&#8221;0&#8243; z_index_tablet=&#8221;0&#8243; box_shadow_horizontal_tablet=&#8221;0px&#8221; box_shadow_vertical_tablet=&#8221;0px&#8221; box_shadow_blur_tablet=&#8221;40px&#8221; box_shadow_spread_tablet=&#8221;0px&#8221; global_colors_info=&#8221;{}&#8221;][et_pb_column type=&#8221;4_4&#8243; _builder_version=&#8221;4.16&#8243; custom_padding=&#8221;|||&#8221; global_colors_info=&#8221;{}&#8221; custom_padding__hover=&#8221;|||&#8221;][et_pb_text _builder_version=&#8221;4.24.0&#8243; text_line_height=&#8221;1.6em&#8221; header_font=&#8221;|600|||||||&#8221; header_2_font=&#8221;|600|||||||&#8221; header_2_font_size=&#8221;21px&#8221; vertical_offset_tablet=&#8221;0&#8243; horizontal_offset_tablet=&#8221;0&#8243; hover_enabled=&#8221;0&#8243; z_index_tablet=&#8221;0&#8243; text_text_shadow_horizontal_length_tablet=&#8221;0px&#8221; text_text_shadow_vertical_length_tablet=&#8221;0px&#8221; text_text_shadow_blur_strength_tablet=&#8221;1px&#8221; link_text_shadow_horizontal_length_tablet=&#8221;0px&#8221; link_text_shadow_vertical_length_tablet=&#8221;0px&#8221; link_text_shadow_blur_strength_tablet=&#8221;1px&#8221; ul_text_shadow_horizontal_length_tablet=&#8221;0px&#8221; ul_text_shadow_vertical_length_tablet=&#8221;0px&#8221; ul_text_shadow_blur_strength_tablet=&#8221;1px&#8221; ol_text_shadow_horizontal_length_tablet=&#8221;0px&#8221; ol_text_shadow_vertical_length_tablet=&#8221;0px&#8221; ol_text_shadow_blur_strength_tablet=&#8221;1px&#8221; quote_text_shadow_horizontal_length_tablet=&#8221;0px&#8221; quote_text_shadow_vertical_length_tablet=&#8221;0px&#8221; quote_text_shadow_blur_strength_tablet=&#8221;1px&#8221; header_text_shadow_horizontal_length_tablet=&#8221;0px&#8221; header_text_shadow_vertical_length_tablet=&#8221;0px&#8221; header_text_shadow_blur_strength_tablet=&#8221;1px&#8221; header_2_text_shadow_horizontal_length_tablet=&#8221;0px&#8221; header_2_text_shadow_vertical_length_tablet=&#8221;0px&#8221; header_2_text_shadow_blur_strength_tablet=&#8221;1px&#8221; header_3_text_shadow_horizontal_length_tablet=&#8221;0px&#8221; header_3_text_shadow_vertical_length_tablet=&#8221;0px&#8221; header_3_text_shadow_blur_strength_tablet=&#8221;1px&#8221; header_4_text_shadow_horizontal_length_tablet=&#8221;0px&#8221; header_4_text_shadow_vertical_length_tablet=&#8221;0px&#8221; header_4_text_shadow_blur_strength_tablet=&#8221;1px&#8221; header_5_text_shadow_horizontal_length_tablet=&#8221;0px&#8221; header_5_text_shadow_vertical_length_tablet=&#8221;0px&#8221; header_5_text_shadow_blur_strength_tablet=&#8221;1px&#8221; header_6_text_shadow_horizontal_length_tablet=&#8221;0px&#8221; header_6_text_shadow_vertical_length_tablet=&#8221;0px&#8221; header_6_text_shadow_blur_strength_tablet=&#8221;1px&#8221; box_shadow_horizontal_tablet=&#8221;0px&#8221; box_shadow_vertical_tablet=&#8221;0px&#8221; box_shadow_blur_tablet=&#8221;40px&#8221; box_shadow_spread_tablet=&#8221;0px&#8221; global_colors_info=&#8221;{}&#8221; sticky_enabled=&#8221;0&#8243;]<\/p>\n<h1>Joh Friedrich Behrens France S.A.S<\/h1>\n<h2>Directeurs ex\u00e9cutifs<\/h2>\n<p>GEORGE Thomas<br \/>THONGSAVATH Salivane<\/p>\n<p>R.C.S. MEAUX B 672 005 097<br \/>SIRET 672 005 097 00023 Code NAF 4669B<br \/>Num\u00e9ro d\u2019Identification Fiscal FR 89 672 005 097<\/p>\n<p>6 All\u00e9e du parc aux b\u0153ufs<br \/>77200 TORCY<br \/>Tel : <a href=\"tel:+33(0)160374444\">+ 33 (0) 1 60 37 44 44<\/a><br \/>Fax : <a href=\"fax:33(0)177754746\">33 (0) 1 77 75 47 46<\/a><\/p>\n<p>E-mail : <a href=\"mailto:info@fr.bea-group.com\">info@fr.BeA-group.com<\/a><\/p>\n<h2>avis de non-responsabilit\u00e9<\/h2>\n<p>La soci\u00e9t\u00e9 BeA GmbH compose le contenu de ces pages Internet avec le plus grand soin et veille \u00e0 leur mise \u00e0 jour r\u00e9guli\u00e8re. Les donn\u00e9es ne sont fournies qu&#8217;\u00e0 titre d&#8217;information g\u00e9n\u00e9rale sans engagement et ne remplacent pas un conseil individuel. Des erreurs, par exemple dans l&#8217;indication des donn\u00e9es techniques, ne peuvent \u00eatre exclues. Nous nous r\u00e9servons express\u00e9ment le droit d&#8217;apporter des modifications techniques aux produits ou de faire varier les marchandises livr\u00e9es par rapport aux repr\u00e9sentations visuelles figurant sur ce site. BeA exclut toute responsabilit\u00e9 pour les dommages r\u00e9sultant directement ou indirectement de l&#8217;utilisation de ce site web, sauf s&#8217;ils sont dus \u00e0 une faute intentionnelle ou \u00e0 une n\u00e9gligence grave de BeA.<\/p>\n<h2>droit d&#8217;auteur<\/h2>\n<p>Les droits d&#8217;auteur et tous les autres droits relatifs aux contenus, images, photos ou autres fichiers pr\u00e9sents sur le site web appartiennent exclusivement \u00e0 la soci\u00e9t\u00e9 BeA GmbH ou aux titulaires de droits sp\u00e9cialement cit\u00e9s. Pour la reproduction de tout \u00e9l\u00e9ment, l&#8217;accord \u00e9crit des d\u00e9tenteurs des droits d&#8217;auteur doit \u00eatre obtenu au pr\u00e9alable,<\/p>\n<p><strong>les images utilis\u00e9es dans la liste sont prot\u00e9g\u00e9es par des droits d&#8217;auteur et ont \u00e9t\u00e9 mises \u00e0 disposition sous licence.<\/strong><\/p>\n<p>[\/et_pb_text][\/et_pb_column][\/et_pb_row][\/et_pb_section]<\/p>\n","protected":false},"excerpt":{"rendered":"<p>Joh Friedrich Behrens France S.A.S Directeurs ex\u00e9cutifs GEORGE ThomasTHONGSAVATH Salivane R.C.S. MEAUX B 672 005 097SIRET 672 005 097 00023 Code NAF 4669BNum\u00e9ro d\u2019Identification Fiscal FR 89 672 005 097 6 All\u00e9e du parc aux b\u0153ufs77200 TORCYTel : + 33 (0) 1 60 37 44 44Fax : 33 (0) 1 77 75 47 46 E-mail [&hellip;]<\/p>\n","protected":false},"author":3,"featured_media":0,"parent":0,"menu_order":0,"comment_status":"closed","ping_status":"closed","template":"","meta":{"_et_pb_use_builder":"on","_et_pb_old_content":"[et_pb_section fb_built=\"1\" module_class=\"impress_page h1-class h1\" _builder_version=\"4.23.1\" use_background_color_gradient=\"on\" background_color_gradient_stops=\"rgba(0,26,43,0.8) 0%|rgba(0,26,43,0.8) 100%\" background_color_gradient_overlays_image=\"on\" background_color_gradient_start=\"rgba(0,0,0,0.5)\" background_color_gradient_end=\"rgba(0,0,0,0.5)\" background_image=\"https:\/\/bea.webseite-programmierung.de\/wp-content\/uploads\/2023\/11\/secondary_header_company.jpg\" background_position=\"top_center\" vertical_offset_tablet=\"0\" horizontal_offset_tablet=\"0\" box_shadow_horizontal_tablet=\"0px\" box_shadow_vertical_tablet=\"0px\" box_shadow_blur_tablet=\"40px\" box_shadow_spread_tablet=\"0px\" global_colors_info=\"{}\"][\/et_pb_section][et_pb_section fb_built=\"1\" module_class=\"impress_page\" _builder_version=\"4.23.1\" vertical_offset_tablet=\"0\" horizontal_offset_tablet=\"0\" box_shadow_horizontal_tablet=\"0px\" box_shadow_vertical_tablet=\"0px\" box_shadow_blur_tablet=\"40px\" box_shadow_spread_tablet=\"0px\" global_colors_info=\"{}\"][et_pb_row _builder_version=\"4.23.1\" vertical_offset_tablet=\"0\" horizontal_offset_tablet=\"0\" z_index_tablet=\"0\" box_shadow_horizontal_tablet=\"0px\" box_shadow_vertical_tablet=\"0px\" box_shadow_blur_tablet=\"40px\" box_shadow_spread_tablet=\"0px\" global_colors_info=\"{}\"][et_pb_column type=\"4_4\" _builder_version=\"4.16\" custom_padding=\"|||\" global_colors_info=\"{}\" custom_padding__hover=\"|||\"][et_pb_text _builder_version=\"4.24.0\" text_line_height=\"1.6em\" header_font=\"|600|||||||\" header_2_font=\"|600|||||||\" header_2_font_size=\"21px\" vertical_offset_tablet=\"0\" horizontal_offset_tablet=\"0\" hover_enabled=\"0\" z_index_tablet=\"0\" text_text_shadow_horizontal_length_tablet=\"0px\" text_text_shadow_vertical_length_tablet=\"0px\" text_text_shadow_blur_strength_tablet=\"1px\" link_text_shadow_horizontal_length_tablet=\"0px\" link_text_shadow_vertical_length_tablet=\"0px\" link_text_shadow_blur_strength_tablet=\"1px\" ul_text_shadow_horizontal_length_tablet=\"0px\" ul_text_shadow_vertical_length_tablet=\"0px\" ul_text_shadow_blur_strength_tablet=\"1px\" ol_text_shadow_horizontal_length_tablet=\"0px\" ol_text_shadow_vertical_length_tablet=\"0px\" ol_text_shadow_blur_strength_tablet=\"1px\" quote_text_shadow_horizontal_length_tablet=\"0px\" quote_text_shadow_vertical_length_tablet=\"0px\" quote_text_shadow_blur_strength_tablet=\"1px\" header_text_shadow_horizontal_length_tablet=\"0px\" header_text_shadow_vertical_length_tablet=\"0px\" header_text_shadow_blur_strength_tablet=\"1px\" header_2_text_shadow_horizontal_length_tablet=\"0px\" header_2_text_shadow_vertical_length_tablet=\"0px\" header_2_text_shadow_blur_strength_tablet=\"1px\" header_3_text_shadow_horizontal_length_tablet=\"0px\" header_3_text_shadow_vertical_length_tablet=\"0px\" header_3_text_shadow_blur_strength_tablet=\"1px\" header_4_text_shadow_horizontal_length_tablet=\"0px\" header_4_text_shadow_vertical_length_tablet=\"0px\" header_4_text_shadow_blur_strength_tablet=\"1px\" header_5_text_shadow_horizontal_length_tablet=\"0px\" header_5_text_shadow_vertical_length_tablet=\"0px\" header_5_text_shadow_blur_strength_tablet=\"1px\" header_6_text_shadow_horizontal_length_tablet=\"0px\" header_6_text_shadow_vertical_length_tablet=\"0px\" header_6_text_shadow_blur_strength_tablet=\"1px\" box_shadow_horizontal_tablet=\"0px\" box_shadow_vertical_tablet=\"0px\" box_shadow_blur_tablet=\"40px\" box_shadow_spread_tablet=\"0px\" global_colors_info=\"{}\" sticky_enabled=\"0\"]<h1>Joh Friedrich Behrens France S.A.S<\/h1>\r\n<h2>Directeurs ex\u00e9cutifs<\/h2>\r\n<p>GEORGE Thomas<br \/>THONGSAVATH Salivane<\/p>\r\n<p>R.C.S. MEAUX B 672 005 097<br \/>SIRET 672 005 097 00023 Code NAF 4669B<br \/>Num\u00e9ro d\u2019Identification Fiscal FR 89 672 005 097<\/p>\r\n<p>6 All\u00e9e du parc aux b\u0153ufs<br \/>77200 TORCY<br \/>Tel : <a href=\"tel:+33(0)160374444\">+ 33 (0) 1 60 37 44 44<\/a><br \/>Fax : <a href=\"fax:33(0)177754746\">33 (0) 1 77 75 47 46<\/a><\/p>\r\n<p>E-mail : <a href=\"mailto:info@fr.bea-group.com\">info@fr.bea-group.com<\/a><\/p>\r\n<h2>avis de non-responsabilit\u00e9<\/h2>\r\n<p>La soci\u00e9t\u00e9 BeA GmbH compose le contenu de ces pages Internet avec le plus grand soin et veille \u00e0 leur mise \u00e0 jour r\u00e9guli\u00e8re. Les donn\u00e9es ne sont fournies qu'\u00e0 titre d'information g\u00e9n\u00e9rale sans engagement et ne remplacent pas un conseil individuel. Des erreurs, par exemple dans l'indication des donn\u00e9es techniques, ne peuvent \u00eatre exclues. Nous nous r\u00e9servons express\u00e9ment le droit d'apporter des modifications techniques aux produits ou de faire varier les marchandises livr\u00e9es par rapport aux repr\u00e9sentations visuelles figurant sur ce site. BeA exclut toute responsabilit\u00e9 pour les dommages r\u00e9sultant directement ou indirectement de l'utilisation de ce site web, sauf s'ils sont dus \u00e0 une faute intentionnelle ou \u00e0 une n\u00e9gligence grave de BeA.<\/p>\r\n<h2>droit d'auteur<\/h2>\r\n<p>Les droits d'auteur et tous les autres droits relatifs aux contenus, images, photos ou autres fichiers pr\u00e9sents sur le site web appartiennent exclusivement \u00e0 la soci\u00e9t\u00e9 BeA GmbH ou aux titulaires de droits sp\u00e9cialement cit\u00e9s. Pour la reproduction de tout \u00e9l\u00e9ment, l'accord \u00e9crit des d\u00e9tenteurs des droits d'auteur doit \u00eatre obtenu au pr\u00e9alable,<\/p>\r\n<p><strong>les images utilis\u00e9es dans la liste sont prot\u00e9g\u00e9es par des droits d'auteur et ont \u00e9t\u00e9 mises \u00e0 disposition sous licence.<\/strong><\/p>[\/et_pb_text][\/et_pb_column][\/et_pb_row][\/et_pb_section]","_et_gb_content_width":"","footnotes":""},"yoast_head":"<!-- This site is optimized with the Yoast SEO plugin v23.5 - https:\/\/yoast.com\/wordpress\/plugins\/seo\/ -->\n<title>France - BeA GmbH<\/title>\n<meta name=\"robots\" content=\"noindex, follow, max-snippet:-1, max-image-preview:large, max-video-preview:-1\" \/>\n<meta property=\"og:locale\" content=\"en_US\" \/>\n<meta property=\"og:type\" content=\"article\" \/>\n<meta property=\"og:title\" content=\"France - BeA GmbH\" \/>\n<meta property=\"og:description\" content=\"Joh Friedrich Behrens France S.A.S Directeurs ex\u00e9cutifs GEORGE ThomasTHONGSAVATH Salivane R.C.S. MEAUX B 672 005 097SIRET 672 005 097 00023 Code NAF 4669BNum\u00e9ro d\u2019Identification Fiscal FR 89 672 005 097 6 All\u00e9e du parc aux b\u0153ufs77200 TORCYTel : + 33 (0) 1 60 37 44 44Fax : 33 (0) 1 77 75 47 46 E-mail [&hellip;]\" \/>\n<meta property=\"og:url\" content=\"https:\/\/bea.webseite-programmierung.de\/en\/france\/\" \/>\n<meta property=\"og:site_name\" content=\"BeA GmbH\" \/>\n<meta property=\"article:modified_time\" content=\"2024-01-26T12:05:31+00:00\" \/>\n<meta name=\"twitter:card\" content=\"summary_large_image\" \/>\n<meta name=\"twitter:label1\" content=\"Est. reading time\" \/>\n\t<meta name=\"twitter:data1\" content=\"2 minutes\" \/>\n<script type=\"application\/ld+json\" class=\"yoast-schema-graph\">{\"@context\":\"https:\/\/schema.org\",\"@graph\":[{\"@type\":\"WebPage\",\"@id\":\"https:\/\/bea.webseite-programmierung.de\/en\/france\/\",\"url\":\"https:\/\/bea.webseite-programmierung.de\/en\/france\/\",\"name\":\"France - BeA GmbH\",\"isPartOf\":{\"@id\":\"https:\/\/bea.webseite-programmierung.de\/en\/#website\"},\"datePublished\":\"2024-01-25T10:25:44+00:00\",\"dateModified\":\"2024-01-26T12:05:31+00:00\",\"breadcrumb\":{\"@id\":\"https:\/\/bea.webseite-programmierung.de\/en\/france\/#breadcrumb\"},\"inLanguage\":\"en-US\",\"potentialAction\":[{\"@type\":\"ReadAction\",\"target\":[\"https:\/\/bea.webseite-programmierung.de\/en\/france\/\"]}]},{\"@type\":\"BreadcrumbList\",\"@id\":\"https:\/\/bea.webseite-programmierung.de\/en\/france\/#breadcrumb\",\"itemListElement\":[{\"@type\":\"ListItem\",\"position\":1,\"name\":\"Startseite\",\"item\":\"https:\/\/bea.webseite-programmierung.de\/en\/\"},{\"@type\":\"ListItem\",\"position\":2,\"name\":\"France\"}]},{\"@type\":\"WebSite\",\"@id\":\"https:\/\/bea.webseite-programmierung.de\/en\/#website\",\"url\":\"https:\/\/bea.webseite-programmierung.de\/en\/\",\"name\":\"BeA GmbH\",\"description\":\"Firmenslogan\",\"potentialAction\":[{\"@type\":\"SearchAction\",\"target\":{\"@type\":\"EntryPoint\",\"urlTemplate\":\"https:\/\/bea.webseite-programmierung.de\/en\/?s={search_term_string}\"},\"query-input\":{\"@type\":\"PropertyValueSpecification\",\"valueRequired\":true,\"valueName\":\"search_term_string\"}}],\"inLanguage\":\"en-US\"}]}<\/script>\n<!-- \/ Yoast SEO plugin. -->","yoast_head_json":{"title":"France - BeA GmbH","robots":{"index":"noindex","follow":"follow","max-snippet":"max-snippet:-1","max-image-preview":"max-image-preview:large","max-video-preview":"max-video-preview:-1"},"og_locale":"en_US","og_type":"article","og_title":"France - BeA GmbH","og_description":"Joh Friedrich Behrens France S.A.S Directeurs ex\u00e9cutifs GEORGE ThomasTHONGSAVATH Salivane R.C.S. MEAUX B 672 005 097SIRET 672 005 097 00023 Code NAF 4669BNum\u00e9ro d\u2019Identification Fiscal FR 89 672 005 097 6 All\u00e9e du parc aux b\u0153ufs77200 TORCYTel : + 33 (0) 1 60 37 44 44Fax : 33 (0) 1 77 75 47 46 E-mail [&hellip;]","og_url":"https:\/\/bea.webseite-programmierung.de\/en\/france\/","og_site_name":"BeA GmbH","article_modified_time":"2024-01-26T12:05:31+00:00","twitter_card":"summary_large_image","twitter_misc":{"Est. reading time":"2 minutes"},"schema":{"@context":"https:\/\/schema.org","@graph":[{"@type":"WebPage","@id":"https:\/\/bea.webseite-programmierung.de\/en\/france\/","url":"https:\/\/bea.webseite-programmierung.de\/en\/france\/","name":"France - BeA GmbH","isPartOf":{"@id":"https:\/\/bea.webseite-programmierung.de\/en\/#website"},"datePublished":"2024-01-25T10:25:44+00:00","dateModified":"2024-01-26T12:05:31+00:00","breadcrumb":{"@id":"https:\/\/bea.webseite-programmierung.de\/en\/france\/#breadcrumb"},"inLanguage":"en-US","potentialAction":[{"@type":"ReadAction","target":["https:\/\/bea.webseite-programmierung.de\/en\/france\/"]}]},{"@type":"BreadcrumbList","@id":"https:\/\/bea.webseite-programmierung.de\/en\/france\/#breadcrumb","itemListElement":[{"@type":"ListItem","position":1,"name":"Startseite","item":"https:\/\/bea.webseite-programmierung.de\/en\/"},{"@type":"ListItem","position":2,"name":"France"}]},{"@type":"WebSite","@id":"https:\/\/bea.webseite-programmierung.de\/en\/#website","url":"https:\/\/bea.webseite-programmierung.de\/en\/","name":"BeA GmbH","description":"Firmenslogan","potentialAction":[{"@type":"SearchAction","target":{"@type":"EntryPoint","urlTemplate":"https:\/\/bea.webseite-programmierung.de\/en\/?s={search_term_string}"},"query-input":{"@type":"PropertyValueSpecification","valueRequired":true,"valueName":"search_term_string"}}],"inLanguage":"en-US"}]}},"_links":{"self":[{"href":"https:\/\/bea.webseite-programmierung.de\/en\/wp-json\/wp\/v2\/pages\/56986"}],"collection":[{"href":"https:\/\/bea.webseite-programmierung.de\/en\/wp-json\/wp\/v2\/pages"}],"about":[{"href":"https:\/\/bea.webseite-programmierung.de\/en\/wp-json\/wp\/v2\/types\/page"}],"author":[{"embeddable":true,"href":"https:\/\/bea.webseite-programmierung.de\/en\/wp-json\/wp\/v2\/users\/3"}],"replies":[{"embeddable":true,"href":"https:\/\/bea.webseite-programmierung.de\/en\/wp-json\/wp\/v2\/comments?post=56986"}],"version-history":[{"count":2,"href":"https:\/\/bea.webseite-programmierung.de\/en\/wp-json\/wp\/v2\/pages\/56986\/revisions"}],"predecessor-version":[{"id":57394,"href":"https:\/\/bea.webseite-programmierung.de\/en\/wp-json\/wp\/v2\/pages\/56986\/revisions\/57394"}],"wp:attachment":[{"href":"https:\/\/bea.webseite-programmierung.de\/en\/wp-json\/wp\/v2\/media?parent=56986"}],"curies":[{"name":"wp","href":"https:\/\/api.w.org\/{rel}","templated":true}]}}